{"id":6980,"date":"2023-06-06T04:44:54","date_gmt":"2023-06-06T09:44:54","guid":{"rendered":"https:\/\/upper-world.com\/?page_id=6980"},"modified":"2023-12-12T08:31:27","modified_gmt":"2023-12-12T13:31:27","slug":"dealers","status":"publish","type":"page","link":"https:\/\/upper-world.com\/en\/dealers\/","title":{"rendered":"Dealers"},"content":{"rendered":"<div class=\"wpb-content-wrapper\"><p>[vc_row][vc_column][vc_empty_space][vc_custom_heading text=&#8221;DEALERS&#8221; font_container=&#8221;tag:h1|font_size:34px|text_align:center|color:%2372b72e|line_height:38px&#8221; use_theme_fonts=&#8221;yes&#8221;][vc_column_text animation_delay=&#8221;0&#8243;]<\/p>\n<p style=\"text-align: justify;\">We have a wide network of distributors throughout Latin America and the Caribbean, which allows us to reach a large number of customers and offer our products in various regions. Our distributors are committed to providing excellent customer service and ensuring our products reach your hands in a timely and safe manner.<\/p>\n<p>[\/vc_column_text][vc_empty_space][\/vc_column][\/vc_row][vc_row element_id=&#8221;468073&#8243;][vc_column animation_delay=&#8221;0&#8243; element_id=&#8221;563607&#8243; crp=&#8221;480:i:i,480-768:i:i,768-1024:i:i,1024-1280:i:i,1280-1366:i:i,1366-1600:i:i,1600-1920:i:i&#8221;]<div class=\"et-tab-wrapper\"><div id=\"et-tab-1\" class=\"et-tab et-clearfix center-false vertical\"><div data-target=\"tab-colombia\" class=\"false tab et-clearfix\"><h6 class=\"tab-title-tag\">Colombia<\/h6><\/div> <div id=\"tab-colombia-1\" class=\"tab-content et-clearfix\">[vc_row_inner][vc_column_inner][vc_column_text animation_delay=&#8221;0&#8243;]Bogot\u00e1<\/p>\n<ul>\n<li><strong>PYJ CAR AUDIO Y VIDEO \/ SRJ CAR AUDIO Y VIDEO<\/strong> Calle 8a #37 a 33, C.C. Curazao, Local 30, Bogot\u00e1, Colombia.<br \/>\nTELF: (+57) 3016468502 \/ (+57) 3138345287 \/ (+57) (601) 2376348<strong><br \/>\n<\/strong><\/li>\n<\/ul>\n<p>[\/vc_column_text][\/vc_column_inner][\/vc_row_inner]<\/div><div data-target=\"tab-costa-rica\" class=\"false tab et-clearfix\"><h6 class=\"tab-title-tag\">Costa Rica<\/h6><\/div> <div id=\"tab-costa-rica-2\" class=\"tab-content et-clearfix\">[vc_row_inner][vc_column_inner][vc_column_text animation_delay=&#8221;0&#8243;]San Jos\u00e9<\/p>\n<ul>\n<li><strong>PLAYZONE<\/strong> Villas de Ayarco Curridabat, San Jos\u00e9, Costa Rica.<br \/>\nTELF: (+506) 62392397<\/li>\n<\/ul>\n<p>[\/vc_column_text][\/vc_column_inner][\/vc_row_inner]<\/div><div data-target=\"tab-guyana\" class=\"false tab et-clearfix\"><h6 class=\"tab-title-tag\">Guyana<\/h6><\/div> <div id=\"tab-guyana-3\" class=\"tab-content et-clearfix\">[vc_row_inner][vc_column_inner][vc_column_text animation_delay=&#8221;0&#8243;]Georgetown<\/p>\n<ul>\n<li><strong>SURENDRA &amp; SONS AUTO SALES<br \/>\n<\/strong> Lot 11 Strathspey North Public Road, East Coast Demerara, Georgetown, Guyana.<br \/>\nTELF: (+592) 649 0972<\/li>\n<\/ul>\n<p>[\/vc_column_text][\/vc_column_inner][\/vc_row_inner]<\/div><div data-target=\"tab-honduras\" class=\"false tab et-clearfix\"><h6 class=\"tab-title-tag\">Honduras<\/h6><\/div> <div id=\"tab-honduras-4\" class=\"tab-content et-clearfix\">[vc_row_inner][vc_column_inner][vc_column_text animation_delay=&#8221;0&#8243;]San Pedro Sula<\/p>\n<ul>\n<li><strong>CARRO EXTREMO<\/strong> Avenida Circunvalaci\u00f3n, San Pedro Sula, Honduras.<br \/>\nTELF: (504) 99762940<strong><br \/>\n<\/strong><\/li>\n<\/ul>\n<p>[\/vc_column_text][\/vc_column_inner][\/vc_row_inner]<\/div><div data-target=\"tab-jamaica\" class=\"false tab et-clearfix\"><h6 class=\"tab-title-tag\">Jamaica<\/h6><\/div> <div id=\"tab-jamaica-5\" class=\"tab-content et-clearfix\">[vc_row_inner][vc_column_inner][vc_column_text animation_delay=&#8221;0&#8243;]Savanna-la-Mar<\/p>\n<ul>\n<li><strong>XCLUSIVE THINGS<\/strong> 119 Great George Street, Savanna-la-Mar, Jamaica.<br \/>\nTELF: 1(876)449-4142<strong><br \/>\n<\/strong><\/li>\n<\/ul>\n<p>[\/vc_column_text][\/vc_column_inner][\/vc_row_inner]<\/div><div data-target=\"tab-nicaragua\" class=\"false tab et-clearfix\"><h6 class=\"tab-title-tag\">Nicaragua<\/h6><\/div> <div id=\"tab-nicaragua-6\" class=\"tab-content et-clearfix\">[vc_row_inner][vc_column_inner][vc_column_text animation_delay=&#8221;0&#8243;]Managua<\/p>\n<ul>\n<li><strong>IMPERIO RACING CAR<\/strong> Rotonda Cristo Rey 2c al Sur, Managua, Nicaragua.<br \/>\nTELF: (+505) 87962965<strong><br \/>\n<\/strong><\/li>\n<\/ul>\n<p>[\/vc_column_text][\/vc_column_inner][\/vc_row_inner]<\/div><div data-target=\"tab-panama\" class=\"active tab et-clearfix\"><h6 class=\"tab-title-tag\">Panam\u00e1<\/h6><\/div> <div id=\"tab-panama-7\" class=\"tab-content et-clearfix\">[vc_row_inner][vc_column_inner][vc_column_text animation_delay=&#8221;0&#8243;]Ciudad de Panam\u00e1<\/p>\n<ul>\n<li><strong>ELECTRONICA GEO<\/strong> Centro Comercial Los Pueblos, Ciudad de Panam\u00e1, Panam\u00e1.<br \/>\nTELF: (+507) 6663-3328<\/li>\n<li><strong>ELECTRONICA LOS PUEBLOS 2000<\/strong> Centro Comercial Los Pueblos, Ciudad de Panam\u00e1, Panam\u00e1.<br \/>\nTELF: (+507) 217-8751<strong><br \/>\n<\/strong><\/li>\n<li><strong>ELECTRONICA LUXOR CONCEPT<\/strong> Av. Domingo D\u00edaz, Ciudad de Panam\u00e1, Panam\u00e1.<br \/>\nTELF: (+507) 217-7039 \/ (+507) 6585-2376<strong><br \/>\n<\/strong><\/li>\n<li><strong>ELECTRONICA SONVITRONICS<\/strong> Villa Zaita entre el Domino&#8217;s Pizza y Little Caesars, Ciudad de Panam\u00e1, Panam\u00e1.<br \/>\nTELF: (+507) 3927188 \/ (+507) 6620-5023<strong><br \/>\n<\/strong><\/li>\n<li><strong>ELECTRONICA XTREME AUDIO SYSTEMS <\/strong>Av. Ricardo J. Alfaro, Ciudad de Panam\u00e1, Panam\u00e1.<br \/>\nTELF: (+507) 3967792<\/li>\n<\/ul>\n<p>Panam\u00e1 Oeste<\/p>\n<ul>\n<li><strong>AUDIO WHEELS<\/strong> Nuevo Arraij\u00e1n, Sunny Plaza, frente a Hopsa, Panama Oesta, Panam\u00e1.<br \/>\nTELF: (+507) 6070-0920<strong><br \/>\n<\/strong><\/li>\n<li><strong>MULTI SERVICIOS CAR DRIVE<\/strong> La Chorrera, Panama Oeste, Panam\u00e1.<br \/>\nTELF: (+507) 6938-0328<strong><br \/>\n<\/strong><\/li>\n<li><strong>OVI EXPRESS<\/strong> La Chorrera, Frente al Parque de Barrio Vega, Panama Oeste, Panam\u00e1.<br \/>\nTELF: (+507) 6645-0186<strong><br \/>\n<\/strong><\/li>\n<li><strong>REVOLUTION CAR AUDIO<\/strong> V\u00eda Puerto Caimito, Ave. Mariano Rivera, La Chorrera, Panam\u00e1 Oeste, Panam\u00e1.<br \/>\nTELF: (+507) 6672-5717<strong><br \/>\n<\/strong><\/li>\n<\/ul>\n<p>Chiriqu\u00ed<\/p>\n<ul>\n<li><strong>ALMACEN JERUSALEN<\/strong> Paso Canoas, Chiriqu\u00ed, Panam\u00e1.<br \/>\nTELF: (+507) 775-9678<strong><br \/>\n<\/strong><\/li>\n<li><strong>CRC RACING<\/strong> Ciudad de David, Chiriqu\u00ed, Panam\u00e1.<br \/>\nTELF: (+507) 777-3685<strong><br \/>\n<\/strong><\/li>\n<li><strong>JERUSALEN DUTY FREE<\/strong> Paso Canoas, Chiriqu\u00ed, Panam\u00e1.<br \/>\nTELF: (+507) 6829-5745<\/li>\n<\/ul>\n<p>[\/vc_column_text][\/vc_column_inner][\/vc_row_inner]<\/div><div data-target=\"tab-trinidad-tobago\" class=\"false tab et-clearfix\"><h6 class=\"tab-title-tag\">Trinidad &amp; Tobago<\/h6><\/div> <div id=\"tab-trinidad-tobago-8\" class=\"tab-content et-clearfix\">[vc_row_inner][vc_column_inner][vc_column_text animation_delay=&#8221;0&#8243;]Gasparillo<\/p>\n<ul>\n<li><strong>DUAL STAR<\/strong> Rex Street, Gasparillo, Trinidad y Tobago.<br \/>\nTELF: 1 (868) 319 1159<strong><br \/>\n<\/strong><\/li>\n<\/ul>\n<p>[\/vc_column_text][\/vc_column_inner][\/vc_row_inner]<\/div><\/div><\/div>[vc_empty_space][\/vc_column][\/vc_row]<\/p>\n<\/div>","protected":false},"excerpt":{"rendered":"<p>[vc_row][vc_column][vc_empty_space][vc_custom_heading text=&#8221;DEALERS&#8221; font_container=&#8221;tag:h1|font_size:34px|text_align:center|color:%2372b72e|line_height:38px&#8221; use_theme_fonts=&#8221;yes&#8221;][vc_column_text animation_delay=&#8221;0&#8243;] We have a wide network of distributors throughout Latin America and the Caribbean, which allows us to reach a large number of customers and offer our products in various regions. Our distributors are committed to providing excellent customer service and ensuring our products reach your hands in a timely and [&hellip;]<\/p>\n","protected":false},"author":1,"featured_media":5990,"parent":0,"menu_order":0,"comment_status":"closed","ping_status":"closed","template":"","meta":{"footnotes":""},"class_list":["post-6980","page","type-page","status-publish","has-post-thumbnail","hentry"],"yoast_head":"<!-- This site is optimized with the Yoast SEO plugin v27.5 - https:\/\/yoast.com\/product\/yoast-seo-wordpress\/ -->\n<title>\u25b7 Where to buy our Products? | Upper<\/title>\n<meta name=\"robots\" content=\"index, follow, max-snippet:-1, max-image-preview:large, max-video-preview:-1\" \/>\n<link rel=\"canonical\" href=\"https:\/\/upper-world.com\/en\/dealers\/\" \/>\n<meta property=\"og:locale\" content=\"en_US\" \/>\n<meta property=\"og:type\" content=\"article\" \/>\n<meta property=\"og:title\" content=\"\u25b7 Where to buy our Products? | Upper\" \/>\n<meta property=\"og:description\" content=\"[vc_row][vc_column][vc_empty_space][vc_custom_heading text=&#8221;DEALERS&#8221; font_container=&#8221;tag:h1|font_size:34px|text_align:center|color:%2372b72e|line_height:38px&#8221; use_theme_fonts=&#8221;yes&#8221;][vc_column_text animation_delay=&#8221;0&#8243;] We have a wide network of distributors throughout Latin America and the Caribbean, which allows us to reach a large number of customers and offer our products in various regions. Our distributors are committed to providing excellent customer service and ensuring our products reach your hands in a timely and [&hellip;]\" \/>\n<meta property=\"og:url\" content=\"https:\/\/upper-world.com\/en\/dealers\/\" \/>\n<meta property=\"og:site_name\" content=\"Upper\" \/>\n<meta property=\"article:modified_time\" content=\"2023-12-12T13:31:27+00:00\" \/>\n<meta property=\"og:image\" content=\"https:\/\/upper-world.com\/wp-content\/uploads\/banner-1920x950-leds.jpg\" \/>\n\t<meta property=\"og:image:width\" content=\"1920\" \/>\n\t<meta property=\"og:image:height\" content=\"950\" \/>\n\t<meta property=\"og:image:type\" content=\"image\/jpeg\" \/>\n<meta name=\"twitter:card\" content=\"summary_large_image\" \/>\n<meta name=\"twitter:label1\" content=\"Est. reading time\" \/>\n\t<meta name=\"twitter:data1\" content=\"2 minutes\" \/>\n<script type=\"application\/ld+json\" class=\"yoast-schema-graph\">{\"@context\":\"https:\\\/\\\/schema.org\",\"@graph\":[{\"@type\":\"WebPage\",\"@id\":\"https:\\\/\\\/upper-world.com\\\/en\\\/dealers\\\/\",\"url\":\"https:\\\/\\\/upper-world.com\\\/en\\\/dealers\\\/\",\"name\":\"\u25b7 Where to buy our Products? | Upper\",\"isPartOf\":{\"@id\":\"https:\\\/\\\/upper-world.com\\\/en\\\/#website\"},\"primaryImageOfPage\":{\"@id\":\"https:\\\/\\\/upper-world.com\\\/en\\\/dealers\\\/#primaryimage\"},\"image\":{\"@id\":\"https:\\\/\\\/upper-world.com\\\/en\\\/dealers\\\/#primaryimage\"},\"thumbnailUrl\":\"https:\\\/\\\/upper-world.com\\\/wp-content\\\/uploads\\\/banner-1920x950-leds.jpg\",\"datePublished\":\"2023-06-06T09:44:54+00:00\",\"dateModified\":\"2023-12-12T13:31:27+00:00\",\"breadcrumb\":{\"@id\":\"https:\\\/\\\/upper-world.com\\\/en\\\/dealers\\\/#breadcrumb\"},\"inLanguage\":\"en-US\",\"potentialAction\":[{\"@type\":\"ReadAction\",\"target\":[\"https:\\\/\\\/upper-world.com\\\/en\\\/dealers\\\/\"]}]},{\"@type\":\"ImageObject\",\"inLanguage\":\"en-US\",\"@id\":\"https:\\\/\\\/upper-world.com\\\/en\\\/dealers\\\/#primaryimage\",\"url\":\"https:\\\/\\\/upper-world.com\\\/wp-content\\\/uploads\\\/banner-1920x950-leds.jpg\",\"contentUrl\":\"https:\\\/\\\/upper-world.com\\\/wp-content\\\/uploads\\\/banner-1920x950-leds.jpg\",\"width\":1920,\"height\":950},{\"@type\":\"BreadcrumbList\",\"@id\":\"https:\\\/\\\/upper-world.com\\\/en\\\/dealers\\\/#breadcrumb\",\"itemListElement\":[{\"@type\":\"ListItem\",\"position\":1,\"name\":\"Portada\",\"item\":\"https:\\\/\\\/upper-world.com\\\/en\\\/\"},{\"@type\":\"ListItem\",\"position\":2,\"name\":\"false\"}]},{\"@type\":\"WebSite\",\"@id\":\"https:\\\/\\\/upper-world.com\\\/en\\\/#website\",\"url\":\"https:\\\/\\\/upper-world.com\\\/en\\\/\",\"name\":\"Upper\",\"description\":\"\",\"potentialAction\":[{\"@type\":\"SearchAction\",\"target\":{\"@type\":\"EntryPoint\",\"urlTemplate\":\"https:\\\/\\\/upper-world.com\\\/en\\\/?s={search_term_string}\"},\"query-input\":{\"@type\":\"PropertyValueSpecification\",\"valueRequired\":true,\"valueName\":\"search_term_string\"}}],\"inLanguage\":\"en-US\"}]}<\/script>\n<!-- \/ Yoast SEO plugin. -->","yoast_head_json":{"title":"\u25b7 Where to buy our Products? | Upper","robots":{"index":"index","follow":"follow","max-snippet":"max-snippet:-1","max-image-preview":"max-image-preview:large","max-video-preview":"max-video-preview:-1"},"canonical":"https:\/\/upper-world.com\/en\/dealers\/","og_locale":"en_US","og_type":"article","og_title":"\u25b7 Where to buy our Products? | Upper","og_description":"[vc_row][vc_column][vc_empty_space][vc_custom_heading text=&#8221;DEALERS&#8221; font_container=&#8221;tag:h1|font_size:34px|text_align:center|color:%2372b72e|line_height:38px&#8221; use_theme_fonts=&#8221;yes&#8221;][vc_column_text animation_delay=&#8221;0&#8243;] We have a wide network of distributors throughout Latin America and the Caribbean, which allows us to reach a large number of customers and offer our products in various regions. Our distributors are committed to providing excellent customer service and ensuring our products reach your hands in a timely and [&hellip;]","og_url":"https:\/\/upper-world.com\/en\/dealers\/","og_site_name":"Upper","article_modified_time":"2023-12-12T13:31:27+00:00","og_image":[{"width":1920,"height":950,"url":"https:\/\/upper-world.com\/wp-content\/uploads\/banner-1920x950-leds.jpg","type":"image\/jpeg"}],"twitter_card":"summary_large_image","twitter_misc":{"Est. reading time":"2 minutes"},"schema":{"@context":"https:\/\/schema.org","@graph":[{"@type":"WebPage","@id":"https:\/\/upper-world.com\/en\/dealers\/","url":"https:\/\/upper-world.com\/en\/dealers\/","name":"\u25b7 Where to buy our Products? | Upper","isPartOf":{"@id":"https:\/\/upper-world.com\/en\/#website"},"primaryImageOfPage":{"@id":"https:\/\/upper-world.com\/en\/dealers\/#primaryimage"},"image":{"@id":"https:\/\/upper-world.com\/en\/dealers\/#primaryimage"},"thumbnailUrl":"https:\/\/upper-world.com\/wp-content\/uploads\/banner-1920x950-leds.jpg","datePublished":"2023-06-06T09:44:54+00:00","dateModified":"2023-12-12T13:31:27+00:00","breadcrumb":{"@id":"https:\/\/upper-world.com\/en\/dealers\/#breadcrumb"},"inLanguage":"en-US","potentialAction":[{"@type":"ReadAction","target":["https:\/\/upper-world.com\/en\/dealers\/"]}]},{"@type":"ImageObject","inLanguage":"en-US","@id":"https:\/\/upper-world.com\/en\/dealers\/#primaryimage","url":"https:\/\/upper-world.com\/wp-content\/uploads\/banner-1920x950-leds.jpg","contentUrl":"https:\/\/upper-world.com\/wp-content\/uploads\/banner-1920x950-leds.jpg","width":1920,"height":950},{"@type":"BreadcrumbList","@id":"https:\/\/upper-world.com\/en\/dealers\/#breadcrumb","itemListElement":[{"@type":"ListItem","position":1,"name":"Portada","item":"https:\/\/upper-world.com\/en\/"},{"@type":"ListItem","position":2,"name":"false"}]},{"@type":"WebSite","@id":"https:\/\/upper-world.com\/en\/#website","url":"https:\/\/upper-world.com\/en\/","name":"Upper","description":"","potentialAction":[{"@type":"SearchAction","target":{"@type":"EntryPoint","urlTemplate":"https:\/\/upper-world.com\/en\/?s={search_term_string}"},"query-input":{"@type":"PropertyValueSpecification","valueRequired":true,"valueName":"search_term_string"}}],"inLanguage":"en-US"}]}},"_links":{"self":[{"href":"https:\/\/upper-world.com\/en\/wp-json\/wp\/v2\/pages\/6980","targetHints":{"allow":["GET"]}}],"collection":[{"href":"https:\/\/upper-world.com\/en\/wp-json\/wp\/v2\/pages"}],"about":[{"href":"https:\/\/upper-world.com\/en\/wp-json\/wp\/v2\/types\/page"}],"author":[{"embeddable":true,"href":"https:\/\/upper-world.com\/en\/wp-json\/wp\/v2\/users\/1"}],"replies":[{"embeddable":true,"href":"https:\/\/upper-world.com\/en\/wp-json\/wp\/v2\/comments?post=6980"}],"version-history":[{"count":3,"href":"https:\/\/upper-world.com\/en\/wp-json\/wp\/v2\/pages\/6980\/revisions"}],"predecessor-version":[{"id":8483,"href":"https:\/\/upper-world.com\/en\/wp-json\/wp\/v2\/pages\/6980\/revisions\/8483"}],"wp:featuredmedia":[{"embeddable":true,"href":"https:\/\/upper-world.com\/en\/wp-json\/wp\/v2\/media\/5990"}],"wp:attachment":[{"href":"https:\/\/upper-world.com\/en\/wp-json\/wp\/v2\/media?parent=6980"}],"curies":[{"name":"wp","href":"https:\/\/api.w.org\/{rel}","templated":true}]}}